{"id":1701,"date":"2023-09-06T14:07:30","date_gmt":"2023-09-06T17:07:30","guid":{"rendered":"https:\/\/demosites.royal-elementor-addons.com\/solar-energy-v1\/?page_id=9"},"modified":"2024-06-20T14:58:52","modified_gmt":"2024-06-20T17:58:52","slug":"sobre-2","status":"publish","type":"page","link":"https:\/\/solucaoba.com.br\/?page_id=1701","title":{"rendered":"Sobre"},"content":{"rendered":"\t\t<div data-elementor-type=\"wp-page\" data-elementor-id=\"1701\" class=\"elementor elementor-1701\">\n\t\t\t\t\t\t<section class=\"elementor-section elementor-top-section elementor-element elementor-element-5170393 elementor-section-boxed elementor-section-height-default elementor-section-height-default wpr-particle-no wpr-jarallax-no wpr-parallax-no wpr-sticky-section-no\" data-id=\"5170393\" data-element_type=\"section\" data-settings=\"{&quot;background_background&quot;:&quot;classic&quot;}\">\n\t\t\t\t\t\t\t<div class=\"elementor-background-overlay\"><\/div>\n\t\t\t\t\t\t\t<div class=\"elementor-container elementor-column-gap-default\">\n\t\t\t\t\t<div class=\"elementor-column elementor-col-100 elementor-top-column elementor-element elementor-element-c53ab0d\" data-id=\"c53ab0d\" data-element_type=\"column\">\n\t\t\t<div class=\"elementor-widget-wrap elementor-element-populated\">\n\t\t\t\t\t\t<div class=\"elementor-element elementor-element-b709dc4 elementor-widget elementor-widget-heading\" data-id=\"b709dc4\" data-element_type=\"widget\" data-widget_type=\"heading.default\">\n\t\t\t\t<div class=\"elementor-widget-container\">\n\t\t\t<style>\/*! elementor - v3.21.0 - 08-05-2024 *\/\n.elementor-heading-title{padding:0;margin:0;line-height:1}.elementor-widget-heading .elementor-heading-title[class*=elementor-size-]>a{color:inherit;font-size:inherit;line-height:inherit}.elementor-widget-heading .elementor-heading-title.elementor-size-small{font-size:15px}.elementor-widget-heading .elementor-heading-title.elementor-size-medium{font-size:19px}.elementor-widget-heading .elementor-heading-title.elementor-size-large{font-size:29px}.elementor-widget-heading .elementor-heading-title.elementor-size-xl{font-size:39px}.elementor-widget-heading .elementor-heading-title.elementor-size-xxl{font-size:59px}<\/style><h2 class=\"elementor-heading-title elementor-size-default\">Sobre N\u00f3s<\/h2>\t\t<\/div>\n\t\t\t\t<\/div>\n\t\t\t\t\t<\/div>\n\t\t<\/div>\n\t\t\t\t\t<\/div>\n\t\t<\/section>\n\t\t\t\t<section class=\"elementor-section elementor-top-section elementor-element elementor-element-dbd083e elementor-section-boxed elementor-section-height-default elementor-section-height-default wpr-particle-no wpr-jarallax-no wpr-parallax-no wpr-sticky-section-no\" data-id=\"dbd083e\" data-element_type=\"section\">\n\t\t\t\t\t\t<div class=\"elementor-container elementor-column-gap-wide\">\n\t\t\t\t\t<div class=\"elementor-column elementor-col-50 elementor-top-column elementor-element elementor-element-6d62b65 elementor-invisible\" data-id=\"6d62b65\" data-element_type=\"column\" data-settings=\"{&quot;animation&quot;:&quot;slideInLeft&quot;}\">\n\t\t\t<div class=\"elementor-widget-wrap elementor-element-populated\">\n\t\t\t\t\t\t<div class=\"elementor-element elementor-element-38735c3 elementor-widget elementor-widget-heading\" data-id=\"38735c3\" data-element_type=\"widget\" data-widget_type=\"heading.default\">\n\t\t\t\t<div class=\"elementor-widget-container\">\n\t\t\t<h3 class=\"elementor-heading-title elementor-size-default\">Fundada em dezembro de 2006, A SOLU\u00c7\u00c3O Distribuidora de Alimentos<\/h3>\t\t<\/div>\n\t\t\t\t<\/div>\n\t\t\t\t<div class=\"elementor-element elementor-element-53ddd04 elementor-widget elementor-widget-text-editor\" data-id=\"53ddd04\" data-element_type=\"widget\" data-widget_type=\"text-editor.default\">\n\t\t\t\t<div class=\"elementor-widget-container\">\n\t\t\t<style>\/*! elementor - v3.21.0 - 08-05-2024 *\/\n.elementor-widget-text-editor.elementor-drop-cap-view-stacked .elementor-drop-cap{background-color:#69727d;color:#fff}.elementor-widget-text-editor.elementor-drop-cap-view-framed .elementor-drop-cap{color:#69727d;border:3px solid;background-color:transparent}.elementor-widget-text-editor:not(.elementor-drop-cap-view-default) .elementor-drop-cap{margin-top:8px}.elementor-widget-text-editor:not(.elementor-drop-cap-view-default) .elementor-drop-cap-letter{width:1em;height:1em}.elementor-widget-text-editor .elementor-drop-cap{float:left;text-align:center;line-height:1;font-size:50px}.elementor-widget-text-editor .elementor-drop-cap-letter{display:inline-block}<\/style>\t\t\t\t<p>nasceu dos sonhos vision\u00e1rios da sua diretoria. <br \/>Localizada na cidade de Feira de Santana\/BA, a empresa possui um centro de distribui\u00e7\u00e3o com uma \u00e1rea total de 2.800m\u00b2, sendo 1.800m\u00b2 de \u00e1rea coberta, com p\u00e9 direito de 10m de altura e mais de 8 docas para carregamento.<\/p>\t\t\t\t\t\t<\/div>\n\t\t\t\t<\/div>\n\t\t\t\t\t<\/div>\n\t\t<\/div>\n\t\t\t\t<div class=\"elementor-column elementor-col-50 elementor-top-column elementor-element elementor-element-222b6ab elementor-invisible\" data-id=\"222b6ab\" data-element_type=\"column\" data-settings=\"{&quot;animation&quot;:&quot;slideInRight&quot;}\">\n\t\t\t<div class=\"elementor-widget-wrap elementor-element-populated\">\n\t\t\t\t\t\t<div class=\"elementor-element elementor-element-4050e09 elementor-widget elementor-widget-image\" data-id=\"4050e09\" data-element_type=\"widget\" data-widget_type=\"image.default\">\n\t\t\t\t<div class=\"elementor-widget-container\">\n\t\t\t<style>\/*! elementor - v3.21.0 - 08-05-2024 *\/\n.elementor-widget-image{text-align:center}.elementor-widget-image a{display:inline-block}.elementor-widget-image a img[src$=\".svg\"]{width:48px}.elementor-widget-image img{vertical-align:middle;display:inline-block}<\/style>\t\t\t\t\t\t\t\t\t\t<img fetchpriority=\"high\" decoding=\"async\" width=\"960\" height=\"491\" src=\"https:\/\/solucaoba.com.br\/wp-content\/uploads\/2023\/09\/solucao-1024x524.png\" class=\"attachment-large size-large wp-image-1747\" alt=\"\" srcset=\"https:\/\/solucaoba.com.br\/wp-content\/uploads\/2023\/09\/solucao-1024x524.png 1024w, https:\/\/solucaoba.com.br\/wp-content\/uploads\/2023\/09\/solucao-600x307.png 600w, https:\/\/solucaoba.com.br\/wp-content\/uploads\/2023\/09\/solucao-300x154.png 300w, https:\/\/solucaoba.com.br\/wp-content\/uploads\/2023\/09\/solucao-768x393.png 768w, https:\/\/solucaoba.com.br\/wp-content\/uploads\/2023\/09\/solucao.png 1514w\" sizes=\"(max-width: 960px) 100vw, 960px\" \/>\t\t\t\t\t\t\t\t\t\t\t\t\t<\/div>\n\t\t\t\t<\/div>\n\t\t\t\t\t<\/div>\n\t\t<\/div>\n\t\t\t\t\t<\/div>\n\t\t<\/section>\n\t\t\t\t<section class=\"elementor-section elementor-top-section elementor-element elementor-element-2cc8710 elementor-section-boxed elementor-section-height-default elementor-section-height-default wpr-particle-no wpr-jarallax-no wpr-parallax-no wpr-sticky-section-no\" data-id=\"2cc8710\" data-element_type=\"section\">\n\t\t\t\t\t\t<div class=\"elementor-container elementor-column-gap-wide\">\n\t\t\t\t\t<div class=\"elementor-column elementor-col-50 elementor-top-column elementor-element elementor-element-b0bca27 elementor-invisible\" data-id=\"b0bca27\" data-element_type=\"column\" data-settings=\"{&quot;animation&quot;:&quot;slideInRight&quot;}\">\n\t\t\t<div class=\"elementor-widget-wrap elementor-element-populated\">\n\t\t\t\t\t\t<div class=\"elementor-element elementor-element-a900cdf elementor-widget elementor-widget-image\" data-id=\"a900cdf\" data-element_type=\"widget\" data-widget_type=\"image.default\">\n\t\t\t\t<div class=\"elementor-widget-container\">\n\t\t\t\t\t\t\t\t\t\t\t\t\t<img decoding=\"async\" width=\"876\" height=\"657\" src=\"https:\/\/solucaoba.com.br\/wp-content\/uploads\/2023\/09\/frota-sd-2.jpg\" class=\"attachment-large size-large wp-image-1745\" alt=\"\" srcset=\"https:\/\/solucaoba.com.br\/wp-content\/uploads\/2023\/09\/frota-sd-2.jpg 876w, https:\/\/solucaoba.com.br\/wp-content\/uploads\/2023\/09\/frota-sd-2-600x450.jpg 600w, https:\/\/solucaoba.com.br\/wp-content\/uploads\/2023\/09\/frota-sd-2-300x225.jpg 300w, https:\/\/solucaoba.com.br\/wp-content\/uploads\/2023\/09\/frota-sd-2-768x576.jpg 768w\" sizes=\"(max-width: 876px) 100vw, 876px\" \/>\t\t\t\t\t\t\t\t\t\t\t\t\t<\/div>\n\t\t\t\t<\/div>\n\t\t\t\t\t<\/div>\n\t\t<\/div>\n\t\t\t\t<div class=\"elementor-column elementor-col-50 elementor-top-column elementor-element elementor-element-6a5a3f8 elementor-invisible\" data-id=\"6a5a3f8\" data-element_type=\"column\" data-settings=\"{&quot;animation&quot;:&quot;slideInLeft&quot;}\">\n\t\t\t<div class=\"elementor-widget-wrap elementor-element-populated\">\n\t\t\t\t\t\t<div class=\"elementor-element elementor-element-6995082 elementor-widget elementor-widget-heading\" data-id=\"6995082\" data-element_type=\"widget\" data-widget_type=\"heading.default\">\n\t\t\t\t<div class=\"elementor-widget-container\">\n\t\t\t<h2 class=\"elementor-heading-title elementor-size-default\">A log\u00edstica de distribui\u00e7\u00e3o<\/h2>\t\t<\/div>\n\t\t\t\t<\/div>\n\t\t\t\t<div class=\"elementor-element elementor-element-e0f5bf3 elementor-widget elementor-widget-text-editor\" data-id=\"e0f5bf3\" data-element_type=\"widget\" data-widget_type=\"text-editor.default\">\n\t\t\t\t<div class=\"elementor-widget-container\">\n\t\t\t\t\t\t\t<p>conta com um mix em torno de 2.800 (dois mil e oitocentos) Skus, atendendo principalmente os canais alimentar, higiene e limpeza.<\/p><p>A distribuidora tem mais de 2.700 clientes ativos, possui uma frota pr\u00f3pria com aproximadamente 27 ve\u00edculos, entre caminh\u00f5es, fiorinos e ve\u00edculos de supervis\u00e3o.<\/p><p>A empresa conta ainda com 68 Vendedores (todos CLT), 01 Gerente de Vendas e 07 Supervisores, totalizando mais de 183 colaboradores diretos, que contribuem diariamente com o crescimento sustent\u00e1vel da empresa.<\/p>\t\t\t\t\t\t<\/div>\n\t\t\t\t<\/div>\n\t\t\t\t\t<\/div>\n\t\t<\/div>\n\t\t\t\t\t<\/div>\n\t\t<\/section>\n\t\t\t\t<section class=\"elementor-section elementor-top-section elementor-element elementor-element-0b455c0 elementor-section-boxed elementor-section-height-default elementor-section-height-default wpr-particle-no wpr-jarallax-no wpr-parallax-no wpr-sticky-section-no\" data-id=\"0b455c0\" data-element_type=\"section\">\n\t\t\t\t\t\t<div class=\"elementor-container elementor-column-gap-default\">\n\t\t\t\t\t<div class=\"elementor-column elementor-col-50 elementor-top-column elementor-element elementor-element-c3d7072 elementor-invisible\" data-id=\"c3d7072\" data-element_type=\"column\" data-settings=\"{&quot;animation&quot;:&quot;slideInLeft&quot;}\">\n\t\t\t<div class=\"elementor-widget-wrap elementor-element-populated\">\n\t\t\t\t\t\t<div class=\"elementor-element elementor-element-45a57b1 elementor-widget elementor-widget-heading\" data-id=\"45a57b1\" data-element_type=\"widget\" data-widget_type=\"heading.default\">\n\t\t\t\t<div class=\"elementor-widget-container\">\n\t\t\t<h2 class=\"elementor-heading-title elementor-size-default\">Ao longo do tempo<\/h2>\t\t<\/div>\n\t\t\t\t<\/div>\n\t\t\t\t<div class=\"elementor-element elementor-element-b145cd5 elementor-widget elementor-widget-text-editor\" data-id=\"b145cd5\" data-element_type=\"widget\" data-widget_type=\"text-editor.default\">\n\t\t\t\t<div class=\"elementor-widget-container\">\n\t\t\t\t\t\t\t<p>a distribuidora firmou grandes parcerias com as maiores ind\u00fastrias do pa\u00eds do setor de alimentos e de higiene pessoal, obtendo reconhecimento e premia\u00e7\u00f5es nacionais.<\/p><p><span style=\"text-decoration: underline;\"><strong>TRAJET\u00d3RIA<\/strong><\/span><\/p><p>Com mais de 17 anos de trajet\u00f3ria, pautada nos pilares da <strong>\u00e9tica<\/strong>, do <strong>comprometimento <\/strong>e da<strong> excel\u00eancia<\/strong>, a empresa vem conquistando, cada vez mais espa\u00e7o no cen\u00e1rio bahiano &#8211; reconhecida nacionalmente, tornando-se um dos maiores distribuidores do estado da Bahia.<\/p><p>Seus principais diferenciais s\u00e3o: <em>agilidade<\/em>, com sistema de gerenciamento de entregas; <em>distribui\u00e7\u00e3o<\/em> de produtos de alta qualidade, das melhores ind\u00fastrias; <em>excel\u00eancia no atendimento<\/em>, com uma equipe altamente qualificada; <em>competitividade<\/em>, com as melhores oportunidades que garantem rentabilidade aos seus parceiros e clientes.<\/p><p>A Miss\u00e3o da empresa \u00e9 \u201c<strong>Fonecer produtos de alta qualidade em alimentos e higiene pessoal, garantindo a satisfa\u00e7\u00e3o e o bem-estar dos clientes, colaboradores e parceiros, contribuindo para o desenolvimento sustent\u00e1vel da comunidade.<\/strong>\u201d<\/p><p>A Solu\u00e7\u00e3o acredita no trabalho que vem construindo em sua trajet\u00f3ria, contribuindo para o desenvolvimento e o crescimento das regi\u00f5es em que atua, e, principalmente para a sua cidade sede, Feira de Santana. Pois enxerga amplas oportunidades de neg\u00f3cios, com possibilidades de gerar riquezas e capacidade s\u00f3cio-econ\u00f4mica.<\/p>\t\t\t\t\t\t<\/div>\n\t\t\t\t<\/div>\n\t\t\t\t<div class=\"elementor-element elementor-element-660a10d wpr-button-icon-style-inline wpr-button-icon-position-right elementor-widget elementor-widget-wpr-button\" data-id=\"660a10d\" data-element_type=\"widget\" data-widget_type=\"wpr-button.default\">\n\t\t\t\t<div class=\"elementor-widget-container\">\n\t\t\t\t\n\t\t\t\n\t\t\n\t\t<div class=\"wpr-button-wrap elementor-clearfix\">\n\t\t<a class=\"wpr-button wpr-button-effect wpr-button-none\" data-text=\"Go\" href=\"#link\">\n\t\t\t\n\t\t\t<span class=\"wpr-button-content\">\n\t\t\t\t\t\t\t\t\t<span class=\"wpr-button-text\">Explore Mais<\/span>\n\t\t\t\t\t\t\t\t\n\t\t\t\t\t\t\t<\/span>\n\t\t<\/a>\n\n\t\t\t\t<\/div>\n\t\n\t\n\t\t\t<\/div>\n\t\t\t\t<\/div>\n\t\t\t\t\t<\/div>\n\t\t<\/div>\n\t\t\t\t<div class=\"elementor-column elementor-col-50 elementor-top-column elementor-element elementor-element-e0672eb elementor-hidden-tablet elementor-hidden-mobile elementor-invisible\" data-id=\"e0672eb\" data-element_type=\"column\" data-settings=\"{&quot;animation&quot;:&quot;slideInRight&quot;}\">\n\t\t\t<div class=\"elementor-widget-wrap elementor-element-populated\">\n\t\t\t\t\t\t<div class=\"elementor-element elementor-element-619899b elementor-widget elementor-widget-image\" data-id=\"619899b\" data-element_type=\"widget\" data-widget_type=\"image.default\">\n\t\t\t\t<div class=\"elementor-widget-container\">\n\t\t\t\t\t\t\t\t\t\t\t\t\t<img decoding=\"async\" width=\"2560\" height=\"1709\" src=\"https:\/\/solucaoba.com.br\/wp-content\/uploads\/2024\/05\/handshake-business-men-concept-1-scaled.jpg\" class=\"attachment-full size-full wp-image-1869\" alt=\"\" srcset=\"https:\/\/solucaoba.com.br\/wp-content\/uploads\/2024\/05\/handshake-business-men-concept-1-scaled.jpg 2560w, https:\/\/solucaoba.com.br\/wp-content\/uploads\/2024\/05\/handshake-business-men-concept-1-scaled-600x401.jpg 600w, https:\/\/solucaoba.com.br\/wp-content\/uploads\/2024\/05\/handshake-business-men-concept-1-300x200.jpg 300w, https:\/\/solucaoba.com.br\/wp-content\/uploads\/2024\/05\/handshake-business-men-concept-1-1024x683.jpg 1024w, https:\/\/solucaoba.com.br\/wp-content\/uploads\/2024\/05\/handshake-business-men-concept-1-768x513.jpg 768w, https:\/\/solucaoba.com.br\/wp-content\/uploads\/2024\/05\/handshake-business-men-concept-1-1536x1025.jpg 1536w, https:\/\/solucaoba.com.br\/wp-content\/uploads\/2024\/05\/handshake-business-men-concept-1-2048x1367.jpg 2048w\" sizes=\"(max-width: 2560px) 100vw, 2560px\" \/>\t\t\t\t\t\t\t\t\t\t\t\t\t<\/div>\n\t\t\t\t<\/div>\n\t\t\t\t\t<\/div>\n\t\t<\/div>\n\t\t\t\t\t<\/div>\n\t\t<\/section>\n\t\t<div class=\"elementor-element elementor-element-8393277 e-flex e-con-boxed wpr-particle-no wpr-jarallax-no wpr-parallax-no wpr-sticky-section-no e-con e-parent\" data-id=\"8393277\" data-element_type=\"container\">\n\t\t\t\t\t<div class=\"e-con-inner\">\n\t\t\t\t\t<\/div>\n\t\t\t\t<\/div>\n\t\t<div class=\"elementor-element elementor-element-d6c67ad e-flex e-con-boxed wpr-particle-no wpr-jarallax-no wpr-parallax-no wpr-sticky-section-no e-con e-parent\" data-id=\"d6c67ad\" data-element_type=\"container\">\n\t\t\t\t\t<div class=\"e-con-inner\">\n\t\t\t\t<div class=\"elementor-element elementor-element-416a45a elementor-widget__width-initial elementor-widget elementor-widget-image\" data-id=\"416a45a\" data-element_type=\"widget\" data-widget_type=\"image.default\">\n\t\t\t\t<div class=\"elementor-widget-container\">\n\t\t\t\t\t\t\t\t\t\t\t\t\t<img loading=\"lazy\" decoding=\"async\" width=\"2048\" height=\"1536\" src=\"https:\/\/solucaoba.com.br\/wp-content\/uploads\/2024\/06\/Solucao-MVV-2048x1536.png\" class=\"attachment-2048x2048 size-2048x2048 wp-image-2212\" alt=\"\" srcset=\"https:\/\/solucaoba.com.br\/wp-content\/uploads\/2024\/06\/Solucao-MVV-2048x1536.png 2048w, https:\/\/solucaoba.com.br\/wp-content\/uploads\/2024\/06\/Solucao-MVV-600x450.png 600w, https:\/\/solucaoba.com.br\/wp-content\/uploads\/2024\/06\/Solucao-MVV-300x225.png 300w, https:\/\/solucaoba.com.br\/wp-content\/uploads\/2024\/06\/Solucao-MVV-1024x768.png 1024w, https:\/\/solucaoba.com.br\/wp-content\/uploads\/2024\/06\/Solucao-MVV-768x576.png 768w, https:\/\/solucaoba.com.br\/wp-content\/uploads\/2024\/06\/Solucao-MVV-1536x1152.png 1536w\" sizes=\"(max-width: 2048px) 100vw, 2048px\" \/>\t\t\t\t\t\t\t\t\t\t\t\t\t<\/div>\n\t\t\t\t<\/div>\n\t\t\t\t\t<\/div>\n\t\t\t\t<\/div>\n\t\t\t\t<\/div>\n\t\t","protected":false},"excerpt":{"rendered":"<p>Sobre N\u00f3s Fundada em dezembro de 2006, A SOLU\u00c7\u00c3O Distribuidora de Alimentos nasceu dos sonhos vision\u00e1rios da sua diretoria. Localizada na cidade de Feira de Santana\/BA, a empresa possui um centro de distribui\u00e7\u00e3o com uma \u00e1rea total de 2.800m\u00b2, sendo 1.800m\u00b2 de \u00e1rea coberta, com p\u00e9 direito de 10m de altura e mais de 8 [&hellip;]<\/p>\n","protected":false},"author":1,"featured_media":0,"parent":0,"menu_order":0,"comment_status":"closed","ping_status":"closed","template":"elementor_canvas","meta":{"footnotes":""},"class_list":["post-1701","page","type-page","status-publish","hentry"],"_links":{"self":[{"href":"https:\/\/solucaoba.com.br\/index.php?rest_route=\/wp\/v2\/pages\/1701","targetHints":{"allow":["GET"]}}],"collection":[{"href":"https:\/\/solucaoba.com.br\/index.php?rest_route=\/wp\/v2\/pages"}],"about":[{"href":"https:\/\/solucaoba.com.br\/index.php?rest_route=\/wp\/v2\/types\/page"}],"author":[{"embeddable":true,"href":"https:\/\/solucaoba.com.br\/index.php?rest_route=\/wp\/v2\/users\/1"}],"replies":[{"embeddable":true,"href":"https:\/\/solucaoba.com.br\/index.php?rest_route=%2Fwp%2Fv2%2Fcomments&post=1701"}],"version-history":[{"count":85,"href":"https:\/\/solucaoba.com.br\/index.php?rest_route=\/wp\/v2\/pages\/1701\/revisions"}],"predecessor-version":[{"id":2215,"href":"https:\/\/solucaoba.com.br\/index.php?rest_route=\/wp\/v2\/pages\/1701\/revisions\/2215"}],"wp:attachment":[{"href":"https:\/\/solucaoba.com.br\/index.php?rest_route=%2Fwp%2Fv2%2Fmedia&parent=1701"}],"curies":[{"name":"wp","href":"https:\/\/api.w.org\/{rel}","templated":true}]}}